{"id":2268,"date":"2018-02-06T16:12:36","date_gmt":"2018-02-06T14:12:36","guid":{"rendered":"https:\/\/remoti.ee\/teenused\/"},"modified":"2018-05-04T13:58:32","modified_gmt":"2018-05-04T10:58:32","slug":"palvelut","status":"publish","type":"page","link":"https:\/\/remoti.ee\/fi\/palvelut\/","title":{"rendered":"PALVELUT"},"content":{"rendered":"<div class=\"wpb-content-wrapper\"><p>[vc_section][vc_row top=&#8221;90px&#8221; bottom=&#8221;50px&#8221;][vc_column css_animation=&#8221;fadeInLeft&#8221; width=&#8221;1\/2&#8243; css=&#8221;.vc_custom_1525431301844{margin-right: -15px !important;padding-top: 70px !important;padding-right: 30px !important;padding-bottom: 8px !important;background-color: #1e8bc3 !important;}&#8221;][mnky_service icon_fontawesome=&#8221;fa fa-briefcase&#8221; title=&#8221;HANKKEEN HALLINNOINTI&#8221; position=&#8221;sb_center&#8221; css_animation=&#8221;fadeInLeft&#8221; icon_color=&#8221;#ffffff&#8221; heading_color=&#8221;#ffffff&#8221; link=&#8221;url:http%3A%2F%2Fremoti.ee%2Fprojekti-juhtimine%2F|||&#8221;]Remoti Holding on ollut rakennusmarkkinoilla jo vuodesta 2002. Pitk\u00e4n kokemuksen my\u00f6t\u00e4 osaamme hyviin suunnitella toimintaprosesseja ja niit\u00e4 koskevia toteutusm\u00e4\u00e4r\u00e4aikoja. Otamme huomioon rakennusm\u00e4\u00e4r\u00e4yksi\u00e4 ja asiakkaiden vaatimuksia[\/mnky_service][vc_btn title=&#8221;Tutustuu palveluihin&#8221; style=&#8221;classic&#8221; color=&#8221;white&#8221; align=&#8221;center&#8221; css=&#8221;.vc_custom_1525100722875{margin-top: 30px !important;}&#8221; link=&#8221;url:http%3A%2F%2Fremoti.ee%2Ffi%2Fprojekti-juhtimine%2F|&#8221;][\/vc_column][vc_column width=&#8221;1\/2&#8243; offset=&#8221;vc_hidden-sm vc_hidden-xs&#8221;][vc_single_image image=&#8221;2053&#8243; img_size=&#8221;475&#215;386 (Width x Height)&#8221; css_animation=&#8221;fadeInRight&#8221;][\/vc_column][\/vc_row][vc_row top=&#8221;0px&#8221; bottom=&#8221;50px&#8221;][vc_column css_animation=&#8221;fadeInLeft&#8221; width=&#8221;1\/2&#8243; offset=&#8221;vc_hidden-sm vc_hidden-xs&#8221;][vc_single_image image=&#8221;2051&#8243; img_size=&#8221;475&#215;356 (Width x Height)&#8221;][\/vc_column][vc_column css_animation=&#8221;fadeInRight&#8221; width=&#8221;1\/2&#8243; css=&#8221;.vc_custom_1523602996170{padding-top: 10px !important;padding-bottom: 11px !important;padding-left: 30px !important;background-color: #1e8bc3 !important;}&#8221;][mnky_service icon_fontawesome=&#8221;fa fa-home&#8221; title=&#8221;TOTEUTETTAVAT TY\u00d6T&#8221; position=&#8221;sb_center&#8221; icon_color=&#8221;#ffffff&#8221; heading_color=&#8221;#ffffff&#8221; link=&#8221;url:http%3A%2F%2Fremoti.ee%2Fteostatavad-tood%2F|||&#8221;]Vanhojen historiallisien rakennusten kunnostaminen ja restaurointi, asuntoalueiden tai uusien talojen rakentaminen. Meid\u00e4n asiantuntemukseen kuuluu koulujen ja lastentarhojen kunnostus. Riippusiltojen, lintutornien tai n\u00e4k\u00f6alapaikkojen rakentaminen, kulkuteiden, hallirakennuksien jne. eri metallirakenteet.<br \/>\n[\/mnky_service][vc_btn title=&#8221;Tutustuu palveluihin&#8221; style=&#8221;classic&#8221; color=&#8221;white&#8221; align=&#8221;center&#8221; css=&#8221;.vc_custom_1525100731780{margin-top: 30px !important;}&#8221; link=&#8221;url:http%3A%2F%2Fremoti.ee%2Ffi%2Fteostatavad-tood%2F|&#8221;][\/vc_column][\/vc_row][vc_row top=&#8221;0px&#8221; bottom=&#8221;180px&#8221;][vc_column css_animation=&#8221;fadeInLeft&#8221; width=&#8221;1\/2&#8243; css=&#8221;.vc_custom_1523603040164{padding-top: 60px !important;padding-right: 30px !important;padding-bottom: 60px !important;background-color: #1e8bc3 !important;}&#8221;][mnky_service icon_fontawesome=&#8221;fa fa-star&#8221; title=&#8221;ERITYISTY\u00d6T&#8221; position=&#8221;sb_center&#8221; icon_color=&#8221;#ffffff&#8221; heading_color=&#8221;#ffffff&#8221; link=&#8221;url:http%3A%2F%2Fremoti.ee%2Feritood%2F|||&#8221;]Meid\u00e4n erityist\u00f6ihin kuuluvat vanhojen hirsitalojen restaurointi; tukkien vaihto, ovien ja ikkunoiden entis\u00f6inti.<br \/>\n[\/mnky_service][vc_btn title=&#8221;Tutustuu palveluihin&#8221; style=&#8221;classic&#8221; color=&#8221;white&#8221; align=&#8221;center&#8221; css=&#8221;.vc_custom_1525100738506{margin-top: 30px !important;}&#8221; link=&#8221;url:http%3A%2F%2Fremoti.ee%2Ffi%2Feritood%2F|&#8221;][\/vc_column][vc_column css_animation=&#8221;fadeInRight&#8221; width=&#8221;1\/2&#8243; offset=&#8221;vc_hidden-sm vc_hidden-xs&#8221;][vc_single_image image=&#8221;2052&#8243; img_size=&#8221;475&#215;356 (Width x Height)&#8221;][\/vc_column][\/vc_row][\/vc_section]<\/p>\n<\/div>","protected":false},"excerpt":{"rendered":"<p>[vc_section][vc_row top=&#8221;90px&#8221; bottom=&#8221;50px&#8221;][vc_column css_animation=&#8221;fadeInLeft&#8221; width=&#8221;1\/2&#8243; css=&#8221;.vc_custom_1525431301844{margin-right: -15px !important;padding-top: 70px !important;padding-right: 30px !important;padding-bottom: 8px !important;background-color: #1e8bc3 !important;}&#8221;][mnky_service icon_fontawesome=&#8221;fa fa-briefcase&#8221; title=&#8221;HANKKEEN HALLINNOINTI&#8221; position=&#8221;sb_center&#8221; css_animation=&#8221;fadeInLeft&#8221; icon_color=&#8221;#ffffff&#8221; heading_color=&#8221;#ffffff&#8221; link=&#8221;url:http%3A%2F%2Fremoti.ee%2Fprojekti-juhtimine%2F|||&#8221;]Remoti Holding on ollut rakennusmarkkinoilla jo vuodesta 2002. Pitk\u00e4n kokemuksen my\u00f6t\u00e4 osaamme hyviin suunnitella toimintaprosesseja ja niit\u00e4 koskevia toteutusm\u00e4\u00e4r\u00e4aikoja. Otamme huomioon rakennusm\u00e4\u00e4r\u00e4yksi\u00e4 ja asiakkaiden vaatimuksia[\/mnky_service][vc_btn title=&#8221;Tutustuu palveluihin&#8221; style=&#8221;classic&#8221; color=&#8221;white&#8221; align=&#8221;center&#8221; css=&#8221;.vc_custom_1525100722875{margin-top: [&hellip;]<\/p>\n","protected":false},"author":2,"featured_media":0,"parent":0,"menu_order":0,"comment_status":"closed","ping_status":"closed","template":"page-full-width.php","meta":{"footnotes":""},"class_list":["post-2268","page","type-page","status-publish","hentry"],"_links":{"self":[{"href":"https:\/\/remoti.ee\/fi\/wp-json\/wp\/v2\/pages\/2268","targetHints":{"allow":["GET"]}}],"collection":[{"href":"https:\/\/remoti.ee\/fi\/wp-json\/wp\/v2\/pages"}],"about":[{"href":"https:\/\/remoti.ee\/fi\/wp-json\/wp\/v2\/types\/page"}],"author":[{"embeddable":true,"href":"https:\/\/remoti.ee\/fi\/wp-json\/wp\/v2\/users\/2"}],"replies":[{"embeddable":true,"href":"https:\/\/remoti.ee\/fi\/wp-json\/wp\/v2\/comments?post=2268"}],"version-history":[{"count":5,"href":"https:\/\/remoti.ee\/fi\/wp-json\/wp\/v2\/pages\/2268\/revisions"}],"predecessor-version":[{"id":2319,"href":"https:\/\/remoti.ee\/fi\/wp-json\/wp\/v2\/pages\/2268\/revisions\/2319"}],"wp:attachment":[{"href":"https:\/\/remoti.ee\/fi\/wp-json\/wp\/v2\/media?parent=2268"}],"curies":[{"name":"wp","href":"https:\/\/api.w.org\/{rel}","templated":true}]}}