{"id":2267,"date":"2018-02-06T16:12:54","date_gmt":"2018-02-06T14:12:54","guid":{"rendered":"https:\/\/remoti.ee\/kliendid\/"},"modified":"2022-02-21T13:15:26","modified_gmt":"2022-02-21T11:15:26","slug":"asiakkaat","status":"publish","type":"page","link":"https:\/\/remoti.ee\/fi\/asiakkaat\/","title":{"rendered":"ASIAKKAAT"},"content":{"rendered":"<div class=\"wpb-content-wrapper\"><p>[vc_section][vc_row][vc_column width=&#8221;1\/3&#8243;][\/vc_column][vc_column width=&#8221;1\/3&#8243;][vc_single_image image=&#8221;2136&#8243; img_size=&#8221;medium&#8221; alignment=&#8221;center&#8221; onclick=&#8221;custom_link&#8221; css_animation=&#8221;fadeInLeft&#8221;][\/vc_column][vc_column width=&#8221;1\/3&#8243;][\/vc_column][\/vc_row][vc_row top=&#8221;0px&#8221; bottom=&#8221;20px&#8221;][vc_column width=&#8221;1\/2&#8243;][vc_column_text css=&#8221;.vc_custom_1523822401220{padding-top: 15px !important;padding-bottom: 15px !important;}&#8221;]<\/p>\n<p class=\"p1\" style=\"text-align: center;\"><strong><span style=\"font-size: 10pt;\"><b>Mets\u00e4hallitus LP<\/b><br \/>\n<\/span><\/strong><span style=\"font-size: 10pt;\">S\u00f6dersk\u00e4rin majakka-ja luotsisaarten puurakennusten korjaus\/kunnostus.<\/span><br \/>\n<span style=\"font-size: 10pt;\">Hirsien vaihto, ulkoverhous, maalausty\u00f6t, ikkunoiden kunnostus.<br \/>\n2013<br \/>\n<\/span><span style=\"font-size: 10pt;\">Tilaajan edustaja: Jere Rauhala +358 400 825 983<\/span><\/p>\n<p>[\/vc_column_text][vc_column_text css=&#8221;.vc_custom_1523822414378{padding-top: 15px !important;padding-bottom: 15px !important;}&#8221;]<\/p>\n<p class=\"p1\" style=\"text-align: center;\"><span style=\"font-size: 10pt;\"><b>Mets\u00e4hallitus LP<br \/>\n<\/b><\/span><span style=\"font-size: 10pt;\">Espoo.Laajalahden lintutornin laajennus ja korjaus.<br \/>\n2015<br \/>\n<\/span><span style=\"font-size: 10pt;\">Tilaajan edustaja: Jere Rauhala +358 400 825 983<\/span><\/p>\n<p>[\/vc_column_text][vc_column_text]<\/p>\n<p class=\"p1\" style=\"text-align: center;\"><span style=\"font-size: 10pt;\"><b>Mets\u00e4hallitus LP<\/b><br \/>\nVallisaari. Vallisaaren kunnostus ja k\u00e4yt\u00f6notto. Liparakennuksen<br \/>\n<\/span><span style=\"font-size: 10pt;\">vesikaton korjaus tarjouspyynn\u00f6n ja liiteiden mukaisesti.<br \/>\n2016<br \/>\n<\/span><span style=\"font-size: 10pt;\">Tilaajan edustaja: Jere Rauhala +358 400 825983<\/span><\/p>\n<p>[\/vc_column_text][vc_column_text]<\/p>\n<p class=\"p1\" style=\"text-align: center;\"><span style=\"font-size: 10pt;\"><b>Mets\u00e4hallitus LP<\/b><br \/>\nVallisaari. Vallisaaren torpedolaiturin uudet puurakenteet.<br \/>\n2016<\/span><br \/>\n<span style=\"font-size: 10pt;\">Tilaajan edustaja: Jere Rauhala +358 400 825983<\/span><\/p>\n<p>[\/vc_column_text][vc_column_text]<\/p>\n<p class=\"p1\" style=\"text-align: center;\"><span style=\"font-size: 10pt;\"><b>Mets\u00e4hallitus LP<\/b><br \/>\nRiipusillan (40m) rakentaminen Kemi\u00f6n kunnan aluella \u00d6r\u00f6n saarella.<br \/>\n2017<br \/>\nTilaajan edustaja : Jere Rauhala +358 400 825983<\/span><\/p>\n<p>[\/vc_column_text][\/vc_column][vc_column width=&#8221;1\/2&#8243;][vc_column_text]<\/p>\n<p class=\"p1\" style=\"text-align: center;\"><span style=\"font-size: 10pt;\"><b>Mets\u00e4hallitus LP<\/b><br \/>\nMets\u00e4hallituksen Aulangon luonnosuojelualueen Ruusulaakson paviljongin<br \/>\n<\/span><span style=\"font-size: 10pt;\">puurakenteisten kulmatornien valmistus( 3kpl).<br \/>\n2014<br \/>\n<\/span><span style=\"font-size: 10pt;\">Tilaajan edustaja; Jere Rauhala +358 400 825 983.<\/span><\/p>\n<p>[\/vc_column_text][vc_column_text]<\/p>\n<p class=\"p1\" style=\"text-align: center;\"><span style=\"font-size: 10pt;\"><b>Mets\u00e4hallitus LP<\/b><br \/>\nVallisaari. Aleksanterin patterin kaiteellisen rampin valmistus,\u00a0<\/span><br \/>\n<span style=\"font-size: 10pt;\">toimitus ja asennus Vallisaareen. Metallity\u00f6. rampin ja portaiden pituus 130m.<\/span><br \/>\n<span style=\"font-size: 10pt;\"><span class=\"Apple-converted-space\">\u00a0<\/span>Tilaajan edustaja: Jere Rauhala +358 400 825 983<\/span><\/p>\n<p>[\/vc_column_text][vc_column_text]<\/p>\n<p class=\"p1\" style=\"text-align: center;\"><span style=\"font-size: 10pt;\"><b>Mets\u00e4hallitus LP<\/b><br \/>\nRaasepori. Raaseporin linnanraunion p\u00e4\u00e4sis\u00e4\u00e4nk\u00e4ynnin puurakenteisen<br \/>\n<\/span><span style=\"font-size: 10pt;\">sillan puuttuvan osan rakentaminen.<br \/>\n2016<br \/>\n<\/span><span style=\"font-size: 10pt;\">Tilaajan edustaja: Jere Rauhala +358 400 825983<\/span><\/p>\n<p>[\/vc_column_text][vc_column_text]<\/p>\n<p class=\"p1\" style=\"text-align: center;\"><span style=\"font-size: 10pt;\"><b>Mets\u00e4hallitus LP<\/b><br \/>\nVallisaari. Vallisaaren vanhojen varastojen 23 ja 24 korjaus.<br \/>\n2017<\/span><br \/>\n<span style=\"font-size: 10pt;\">Tilaajan edustaja: Jere Rauhala +358 400 825983<\/span><\/p>\n<p>[\/vc_column_text][\/vc_column][\/vc_row][vc_row][vc_column width=&#8221;1\/2&#8243;][vc_column_text]<\/p>\n<p style=\"text-align: center;\"><span style=\"font-size: 10pt;\"><strong><span dir=\"ltr\" role=\"presentation\">Mets\u00e4hallitus LP<\/span><\/strong><\/span><\/p>\n<p style=\"text-align: center;\"><span dir=\"ltr\" style=\"font-size: 10pt;\" role=\"presentation\">\u00d6r\u00f6n linnakesaaren 6 tuuman kasarmialueen rakennusten korjausty\u00f6t<\/span><br role=\"presentation\" \/><span dir=\"ltr\" style=\"font-size: 10pt;\" role=\"presentation\">( DefenceArch-hanke) 2018 -2019<\/span><br role=\"presentation\" \/><span dir=\"ltr\" style=\"font-size: 10pt;\" role=\"presentation\">Tilajaan edustaja : Anssi Riihiaho +358 405 527 516<\/span><\/p>\n<p style=\"text-align: center;\"><br role=\"presentation\" \/><span style=\"font-size: 10pt;\"><strong><span dir=\"ltr\" role=\"presentation\">Metsahallitus LP<\/span><\/strong><\/span><\/p>\n<p style=\"text-align: center;\"><span dir=\"ltr\" style=\"font-size: 10pt;\" role=\"presentation\">Repoveden kansallispuisto. Lapinsalmen riippusillan rakentaminen<\/span><br role=\"presentation\" \/><span dir=\"ltr\" style=\"font-size: 10pt;\" role=\"presentation\">2019. Silta 55m pitk\u00e4 , korkeus vedest\u00e4 12m.<\/span><br role=\"presentation\" \/><span dir=\"ltr\" style=\"font-size: 10pt;\" role=\"presentation\">Tilaajan edustaja; Pasi Ikonen +358 407 204 344<\/span><\/p>\n<p style=\"text-align: center;\"><span dir=\"ltr\" style=\"font-size: 10pt;\" role=\"presentation\"><strong>Mets\u00e4hallitus LP<\/strong><\/span><\/p>\n<p style=\"text-align: center;\"><span dir=\"ltr\" style=\"font-size: 10pt;\" role=\"presentation\">\u00d6r\u00f6n saaren sataman uuden info- ja myym\u00e4l\u00e4rakennuksen rakennusty\u00f6t<\/span><br role=\"presentation\" \/><span dir=\"ltr\" style=\"font-size: 10pt;\" role=\"presentation\">2019.<\/span><br role=\"presentation\" \/><span dir=\"ltr\" style=\"font-size: 10pt;\" role=\"presentation\">Tilaajan edustaja. Anssi Riihiaho +358 405 527 516<\/span><\/p>\n<p style=\"text-align: center;\"><span dir=\"ltr\" style=\"font-size: 10pt;\" role=\"presentation\"><strong>Mets\u00e4hallitus LP<\/strong><\/span><\/p>\n<p style=\"text-align: center;\"><span dir=\"ltr\" style=\"font-size: 10pt;\" role=\"presentation\">Vallisaaren Bienaali- n\u00e4yttelytiloihin ja muihin rakennuksin liityv\u00e4t<\/span><br role=\"presentation\" \/><span style=\"font-size: 10pt;\"><span dir=\"ltr\" role=\"presentation\">rakennus \u2013 ja korjausty\u00f6t<\/span> <span dir=\"ltr\" role=\"presentation\">2020.<\/span><\/span><br role=\"presentation\" \/><span dir=\"ltr\" style=\"font-size: 10pt;\" role=\"presentation\">Tilaajan edustaja: Aino von Boehm +358 407 634 318<\/span><\/p>\n<p style=\"text-align: center;\"><span dir=\"ltr\" style=\"font-size: 10pt;\" role=\"presentation\"><strong>Metsahallitus LP<\/strong><\/span><\/p>\n<p style=\"text-align: center;\"><span dir=\"ltr\" style=\"font-size: 10pt;\" role=\"presentation\">Raaseporin sis\u00e4pihan kulkusillan kaiteiden ja kantavien rakendeiden<\/span><br role=\"presentation\" \/><span dir=\"ltr\" style=\"font-size: 10pt;\" role=\"presentation\">korjauty\u00f6t. 2020.<\/span><br role=\"presentation\" \/><span dir=\"ltr\" style=\"font-size: 10pt;\" role=\"presentation\">Tilaajan edustaja: Hilja Palviainen +358 407 545 131<\/span><\/p>\n<p style=\"text-align: center;\"><span dir=\"ltr\" style=\"font-size: 10pt;\" role=\"presentation\"><strong>Mets\u00e4hallitus LP<\/strong><\/span><\/p>\n<p style=\"text-align: center;\"><span dir=\"ltr\" style=\"font-size: 10pt;\" role=\"presentation\">Raaseporin , Sadenvedenohjauksen parantaminen sek\u00e4 pelti-<\/span><br role=\"presentation\" \/><span dir=\"ltr\" style=\"font-size: 10pt;\" role=\"presentation\">katteen kunnostus ja maalausty\u00f6t. 2020.<\/span><br role=\"presentation\" \/><span dir=\"ltr\" style=\"font-size: 10pt;\" role=\"presentation\">Tilaajan edustaja: Hilja Palviainen.+358 407545131<\/span><\/p>\n<p>[\/vc_column_text][\/vc_column][vc_column width=&#8221;1\/2&#8243;][vc_column_text]<\/p>\n<p style=\"text-align: center;\"><span dir=\"ltr\" style=\"font-size: 10pt;\" role=\"presentation\"><strong>Mets\u00e4hallitus LP<\/strong><\/span><\/p>\n<p style=\"text-align: center;\"><span dir=\"ltr\" style=\"font-size: 10pt;\" role=\"presentation\">Raaseporin , Sadenvedenohjauksen parantaminen sek\u00e4 pelti-<\/span><br role=\"presentation\" \/><span dir=\"ltr\" style=\"font-size: 10pt;\" role=\"presentation\">katteen kunnostus ja maalausty\u00f6t. 2020.<\/span><br role=\"presentation\" \/><span dir=\"ltr\" style=\"font-size: 10pt;\" role=\"presentation\">Tilaajan edustaja: Hilja Palviainen.+358 407545131<\/span><\/p>\n<p style=\"text-align: center;\"><span dir=\"ltr\" style=\"font-size: 10pt;\" role=\"presentation\"><strong>Mets\u00e4hallitu LP<\/strong><\/span><\/p>\n<p style=\"text-align: center;\"><span dir=\"ltr\" style=\"font-size: 10pt;\" role=\"presentation\">Teijo polkusiltojen rakentaminen. 11Kpl. 2020<\/span><br role=\"presentation\" \/><span dir=\"ltr\" style=\"font-size: 10pt;\" role=\"presentation\">Tilaajan edustaja: Tero Juhola +358 406706406<\/span><\/p>\n<p style=\"text-align: center;\"><span dir=\"ltr\" style=\"font-size: 10pt;\" role=\"presentation\"><strong>Mets\u00e4hallitus LP<\/strong><\/span><\/p>\n<p style=\"text-align: center;\"><span dir=\"ltr\" style=\"font-size: 10pt;\" role=\"presentation\">Vallisaaren ja Kuninkaansaaren rakennusty\u00f6t. 2021.<\/span><br role=\"presentation\" \/><span dir=\"ltr\" style=\"font-size: 10pt;\" role=\"presentation\">Tilaajan edustaja: Aino von Boehm +358 407634318<\/span><\/p>\n<p style=\"text-align: center;\"><span dir=\"ltr\" style=\"font-size: 10pt;\" role=\"presentation\"><strong>Mets\u00e4hallitus LP<\/strong><\/span><\/p>\n<p style=\"text-align: center;\"><span dir=\"ltr\" style=\"font-size: 10pt;\" role=\"presentation\">Seilin kirkon huoltomaalaus. 2021.<\/span><br role=\"presentation\" \/><span dir=\"ltr\" style=\"font-size: 10pt;\" role=\"presentation\">Tilaajan edustaja : Hilja Palviainen +358 407545131<\/span><\/p>\n<p style=\"text-align: center;\"><span dir=\"ltr\" style=\"font-size: 10pt;\" role=\"presentation\"><strong>Mets\u00e4hallitus LP<\/strong><\/span><\/p>\n<p style=\"text-align: center;\"><span dir=\"ltr\" style=\"font-size: 10pt;\" role=\"presentation\">Ut\u00f6n Stenhusetin (Parainen) katteen ja ikkunoiden uusiminen<\/span><br role=\"presentation\" \/><span dir=\"ltr\" style=\"font-size: 10pt;\" role=\"presentation\">Tilaajan edustaja: Hilja Palviainen +358 407545131<\/span><\/p>\n<p style=\"text-align: center;\"><br role=\"presentation\" \/><span dir=\"ltr\" style=\"font-size: 10pt;\" role=\"presentation\"><strong>Mets\u00e4hallitus LP<\/strong><\/span><\/p>\n<p style=\"text-align: center;\"><span dir=\"ltr\" style=\"font-size: 10pt;\" role=\"presentation\">Seilin kirkon (Parainen) Sadenvedenohjauksen toteutus. 2021<\/span><br role=\"presentation\" \/><span style=\"font-size: 10pt;\"><span dir=\"ltr\" role=\"presentation\">Tilaajan edustaja:<\/span> <span dir=\"ltr\" role=\"presentation\">Hilja Palviainen +358 407545131<\/span><\/span><\/p>\n<p>[\/vc_column_text][\/vc_column][\/vc_row][\/vc_section][vc_section][vc_row bottom=&#8221;20px&#8221;][vc_column width=&#8221;1\/3&#8243;][vc_single_image image=&#8221;2138&#8243; alignment=&#8221;center&#8221; css_animation=&#8221;fadeInRight&#8221; css=&#8221;.vc_custom_1523820857645{padding-bottom: 30px !important;}&#8221;][vc_column_text]<\/p>\n<p class=\"p1\" style=\"text-align: center;\"><span style=\"font-size: 10pt;\"><b>Tallinnan Kaupunkin Keskustan Hallitus<\/b>.<br \/>\n<\/span><span style=\"font-size: 10pt;\">Viro. Toimistoiden rekennus-, korjaus-,ja maalaus-ty\u00f6t. <\/span><br \/>\n<span style=\"font-size: 10pt;\">Rappaus- ja vesikattoty\u00f6t. <\/span><br \/>\n<span style=\"font-size: 10pt;\">2014 \u2013 2016.<\/span><br \/>\n<span style=\"font-size: 10pt;\">Tijaajan edustaja: Mart Ratas +372 50 24842<\/span><\/p>\n<p>[\/vc_column_text][\/vc_column][vc_column width=&#8221;1\/3&#8243;][vc_single_image image=&#8221;2143&#8243; img_size=&#8221;medium&#8221; alignment=&#8221;center&#8221; css_animation=&#8221;fadeInRight&#8221; css=&#8221;.vc_custom_1523820896513{margin-top: 30px !important;padding-bottom: 70px !important;}&#8221;][vc_column_text]<\/p>\n<p class=\"p1\" style=\"text-align: center;\"><span style=\"font-size: 10pt;\"><b>Sauen Kaupunkin koulurakennus ja p\u00e4iv\u00e4koti<\/b>. <\/span><br \/>\n<span style=\"font-size: 10pt;\">Viro Vesikattoty\u00f6t. Rakennus- ja korjausty\u00f6t.<\/span><br \/>\n<span style=\"font-size: 10pt;\">Rappausty\u00f6. Lasiset v\u00e4lisein\u00e4t, maalausty\u00f6t ja lattiap\u00e4\u00e4llysteiden asennus.<br \/>\n2014.<\/span><br \/>\n<span style=\"font-size: 10pt;\">Tilaajan edustaja: T\u00f5nu Urva +372 56 471844<\/span><\/p>\n<p>[\/vc_column_text][\/vc_column][vc_column width=&#8221;1\/3&#8243;][vc_single_image image=&#8221;2137&#8243; img_size=&#8221;medium&#8221; alignment=&#8221;center&#8221; css_animation=&#8221;fadeInLeft&#8221; css=&#8221;.vc_custom_1523821311469{margin-top: 20px !important;padding-bottom: 65px !important;}&#8221;][vc_column_text]<\/p>\n<p class=\"p1\" style=\"text-align: center;\"><span style=\"font-size: 10pt;\"><b>Sauvon Kunta.<br \/>\n<\/b>Seuralan kyl\u00e4talon pohjarakenteiden rakentaminen ja talon ulkosein\u00e4n alempien hirsien vaihto. Rappausty\u00f6t. <\/span><br \/>\n<span style=\"font-size: 10pt;\">2012<\/span><br \/>\n<span style=\"font-size: 10pt;\">Tilaajan edustaja: Pentti Urho<span class=\"Apple-converted-space\">\u00a0 <\/span>+358 050 5948918<\/span><\/p>\n<p>[\/vc_column_text][\/vc_column][\/vc_row][\/vc_section][vc_row][vc_column][vc_column_text]<\/p>\n<p style=\"text-align: center;\"><span style=\"font-size: 36pt;\"><b>Muu<\/b><\/span><\/p>\n<p>[\/vc_column_text][vc_row_inner][vc_column_inner width=&#8221;1\/2&#8243;][vc_column_text]<\/p>\n<p class=\"p1\" style=\"text-align: center;\"><span style=\"font-size: 10pt;\"><b>Kiinteist\u00f6osakeyhti\u00f6 BUKEE<\/b>\u00a0<\/span><br \/>\n<span style=\"font-size: 10pt;\">J\u00e4rvenp\u00e4\u00e4. Rakennus-, korjaus-,ja maalausty\u00f6t. <\/span><br \/>\n<span style=\"font-size: 10pt;\">2012<\/span><br \/>\n<span style=\"font-size: 10pt;\">Tilaajan edustaja : Jorma Maaninka +358 020 7450216<\/span><\/p>\n<p>[\/vc_column_text][\/vc_column_inner][vc_column_inner width=&#8221;1\/2&#8243;][vc_column_text]<\/p>\n<p class=\"p1\" style=\"text-align: center;\"><span style=\"font-size: 10pt;\"><b>Valve Vanguard OY<br \/>\n<\/b>Helsinki. Toimiston rakennus- ja korjausty\u00f6t<\/span><br \/>\n<span style=\"font-size: 10pt;\"> 2013<\/span><br \/>\n<span style=\"font-size: 10pt;\">Tilaajan edustaja: Isto Kannisto +358 0401897114<\/span><\/p>\n<p>[\/vc_column_text][\/vc_column_inner][\/vc_row_inner][vc_row_inner][vc_column_inner width=&#8221;1\/2&#8243;][vc_column_text]<\/p>\n<p class=\"p1\" style=\"text-align: center;\"><span style=\"font-size: 10pt;\"><b>Ilmo Karvanen \/ \u00dclo Kaadu.<br \/>\n<\/b>Kotka. Puu osien kunnostus ja vaihto. Maalausty\u00f6t. Sokkelin, perustuksen korjaus- ja maalausty\u00f6t. <\/span><br \/>\n<span style=\"font-size: 10pt;\">Ruotsinsalmenkatu 22. 2013<\/span><br \/>\n<span style=\"font-size: 10pt;\">Tilaajan edustaja: Ilmo Karvanen +358 505436616<\/span><\/p>\n<p>[\/vc_column_text][\/vc_column_inner][vc_column_inner width=&#8221;1\/2&#8243;][vc_column_text]<\/p>\n<p class=\"p1\" style=\"text-align: center;\"><span style=\"font-size: 10pt;\"><b>Etel\u00e4-Suomen L\u00e4hi\u00f6kunnostajat OY.<br \/>\n<\/b> Kerava. Ulkoverhouksen asennus- ja korjausty\u00f6t. <\/span><br \/>\n<span style=\"font-size: 10pt;\">2013<\/span><br \/>\n<span style=\"font-size: 10pt;\">Tilaajan edustaja: Janne Siev\u00e4nen +358 0505912340<\/span><\/p>\n<p>[\/vc_column_text][\/vc_column_inner][\/vc_row_inner][vc_row_inner][vc_column_inner width=&#8221;1\/2&#8243;][vc_column_text]<\/p>\n<p class=\"p1\" style=\"text-align: center;\"><span style=\"font-size: 10pt;\"><b>Pirkkalan Seurakunta.<\/b> <\/span><br \/>\n<span style=\"font-size: 10pt;\">Pirkkala. Vanhan Pappilan v\u00e4entupa ja aitta. Rakennustekniset ja LVIS-korjausty\u00f6t. <\/span><br \/>\n<span style=\"font-size: 10pt;\">2014<\/span><br \/>\n<span style=\"font-size: 10pt;\">Tilaajan edustaja: Pekka Elomaa +358 500677163<\/span><\/p>\n<p>[\/vc_column_text][\/vc_column_inner][vc_column_inner width=&#8221;1\/2&#8243;][vc_column_text]<\/p>\n<p class=\"p1\" style=\"text-align: center;\"><span style=\"font-size: 10pt;\"><b>Vakuutusyhti\u00f6 IF\/ORAS OY.<\/b><span class=\"Apple-converted-space\"><br \/>\n<\/span>Espoo.<span class=\"Apple-converted-space\">\u00a0 <\/span>Kurkijoentie 19D asunnon saattamisen ennen vesivahinkoa olleeseen kuntoon ja sek\u00e4 mahdollisten asukkaiden tekemien muutost\u00f6iden suorittaminen.<\/span><br \/>\n<span style=\"font-size: 10pt;\">2015<\/span><br \/>\n<span style=\"font-size: 10pt;\">Tilaajan edustaja: Reetta Lajunen, Vakuutusyhti\u00f6 If<\/span><\/p>\n<p>[\/vc_column_text][\/vc_column_inner][\/vc_row_inner][vc_row_inner][vc_column_inner width=&#8221;1\/2&#8243;][vc_column_text]<\/p>\n<p class=\"p1\" style=\"text-align: center;\"><span style=\"font-size: 10pt;\"><b>Eriste- Kate OY.<br \/>\n<\/b>Kotka, Aittakorventie 2, Kotkassa autotallin vesikatteen purku, laudoitus ja uusi konesumakate 420m2. <\/span><br \/>\n<span style=\"font-size: 10pt;\">2016<\/span><br \/>\n<span style=\"font-size: 10pt;\">Tilaajan edustaja: Jyrki Tinkanen +358 53533460<\/span><\/p>\n<p>[\/vc_column_text][\/vc_column_inner][vc_column_inner width=&#8221;1\/2&#8243;][vc_column_text]<\/p>\n<p class=\"p1\" style=\"text-align: center;\"><span style=\"font-size: 10pt;\"><b>Pirkkalan Seurakunta<\/b>. <\/span><br \/>\n<span style=\"font-size: 10pt;\">Pirkkala. Kirkkovenetalaksen ja puuliitterin rakennusurakka.Hirsirakennukset. <\/span><br \/>\n<span style=\"font-size: 10pt;\">2016<\/span><br \/>\n<span style=\"font-size: 10pt;\">Tilaajan edustaja: Pekka Elomaa +358 500677163<\/span><\/p>\n<p>[\/vc_column_text][\/vc_column_inner][\/vc_row_inner][vc_row_inner][vc_column_inner width=&#8221;1\/2&#8243;][vc_column_text]<\/p>\n<p class=\"p1\" style=\"text-align: center;\"><span style=\"font-size: 10pt;\"><b>Kymenlaakson Partiopiiri ry.<br \/>\n<\/b>Ruislehdonm\u00e4en Keittiorakennuksen p\u00e4\u00e4urakka<\/span><br \/>\n<span style=\"font-size: 10pt;\">2017<\/span><br \/>\n<span style=\"font-size: 10pt;\">Tilaajan edustaja: Petteri Leinonen +358 400 107405<\/span><\/p>\n<p>[\/vc_column_text][\/vc_column_inner][vc_column_inner width=&#8221;1\/2&#8243;][\/vc_column_inner][\/vc_row_inner][\/vc_column][\/vc_row][vc_row][vc_column width=&#8221;1\/2&#8243;][vc_column_text]<\/p>\n<p style=\"text-align: center;\"><span dir=\"ltr\" style=\"font-size: 10pt;\" role=\"presentation\"><strong>Juhani Toppari<\/strong><\/span><\/p>\n<p style=\"text-align: center;\"><span dir=\"ltr\" style=\"font-size: 10pt;\" role=\"presentation\">Vesikaton rakentaminen (kumibitumikermi), rakennesuunnitelmien<\/span><br role=\"presentation\" \/><span dir=\"ltr\" style=\"font-size: 10pt;\" role=\"presentation\">mukaan. 2018 Tilaaja: Juhani Toppari +358 405 194 375<\/span><\/p>\n<p style=\"text-align: center;\"><br role=\"presentation\" \/><span dir=\"ltr\" style=\"font-size: 10pt;\" role=\"presentation\"><strong>ADA Investment OY<\/strong><\/span><\/p>\n<p style=\"text-align: center;\"><span dir=\"ltr\" style=\"font-size: 10pt;\" role=\"presentation\">Huoltorakennuksen perustuksen rakentaminen Kylm\u00e4pihlajan<\/span><br role=\"presentation\" \/><span dir=\"ltr\" style=\"font-size: 10pt;\" role=\"presentation\">Saarelle.. 2018 Tilaajan edustaja : Juha Marttila +358 405 935 333<\/span><\/p>\n<p style=\"text-align: center;\"><br role=\"presentation\" \/><span style=\"font-size: 10pt;\"><strong><span dir=\"ltr\" role=\"presentation\">Tallinnan Kaupunkin Keskustan Hallitus<\/span><\/strong><\/span><\/p>\n<p style=\"text-align: center;\"><span dir=\"ltr\" style=\"font-size: 10pt;\" role=\"presentation\">Tallinn Kaupunkin Keskustan Hallituksen<\/span><br role=\"presentation\" \/><span dir=\"ltr\" style=\"font-size: 10pt;\" role=\"presentation\">p\u00e4\u00e4konttorin talojen Nunne 18 korjausty\u00f6t musioviraston ohjeiden mukaisesti. Rappaus-<\/span><br role=\"presentation\" \/><span dir=\"ltr\" style=\"font-size: 10pt;\" role=\"presentation\">ty\u00f6t, maalausty\u00f6t, vesikattoty\u00f6t, sadenvesij\u00e4rjestelm\u00e4n uusiminen, uudet ovet.<\/span><br role=\"presentation\" \/><span dir=\"ltr\" style=\"font-size: 10pt;\" role=\"presentation\">2018. Tilaajan edustaja : Mart Ratas +372 50 24842<\/span><\/p>\n<p>[\/vc_column_text][\/vc_column][vc_column width=&#8221;1\/2&#8243;][vc_column_text]<\/p>\n<p style=\"text-align: center;\"><span dir=\"ltr\" style=\"font-size: 10pt;\" role=\"presentation\"><strong>Asunto OY Limingantie<\/strong> <\/span><\/p>\n<p style=\"text-align: center;\"><span style=\"font-size: 10pt;\"><span dir=\"ltr\" role=\"presentation\">73.<\/span> <span dir=\"ltr\" role=\"presentation\">Sokkelin , portaiden ja ovien korjaus 2018<\/span><\/span><br role=\"presentation\" \/><span dir=\"ltr\" style=\"font-size: 10pt;\" role=\"presentation\">Tilaajan edustaja: Pekka Natunen +372 408 305 061<\/span><\/p>\n<p style=\"text-align: center;\"><span style=\"font-size: 10pt;\"><strong><span dir=\"ltr\" role=\"presentation\">Sauen Kaupunki ja Kunta<\/span><\/strong><\/span><\/p>\n<p style=\"text-align: center;\"><span dir=\"ltr\" style=\"font-size: 10pt;\" role=\"presentation\">P\u00e4iv\u00e4kodin korjausty\u00f6t. 2019<\/span><\/p>\n<p style=\"text-align: center;\"><span dir=\"ltr\" style=\"font-size: 10pt;\" role=\"presentation\"><strong>Kiviporti Invest OY<\/strong><\/span><\/p>\n<p style=\"text-align: center;\"><span dir=\"ltr\" style=\"font-size: 10pt;\" role=\"presentation\">Kiviportintie 58 rakennusty\u00f6t. 2021<\/span><br role=\"presentation\" \/><span dir=\"ltr\" style=\"font-size: 10pt;\" role=\"presentation\">Tilaajan edustaja: Kari Korpelainen.<\/span><\/p>\n<p>[\/vc_column_text][\/vc_column][\/vc_row]<\/p>\n<\/div>","protected":false},"excerpt":{"rendered":"<p>[vc_section][vc_row][vc_column width=&#8221;1\/3&#8243;][\/vc_column][vc_column width=&#8221;1\/3&#8243;][vc_single_image image=&#8221;2136&#8243; img_size=&#8221;medium&#8221; alignment=&#8221;center&#8221; onclick=&#8221;custom_link&#8221; css_animation=&#8221;fadeInLeft&#8221;][\/vc_column][vc_column width=&#8221;1\/3&#8243;][\/vc_column][\/vc_row][vc_row top=&#8221;0px&#8221; bottom=&#8221;20px&#8221;][vc_column width=&#8221;1\/2&#8243;][vc_column_text css=&#8221;.vc_custom_1523822401220{padding-top: 15px !important;padding-bottom: 15px !important;}&#8221;] Mets\u00e4hallitus LP S\u00f6dersk\u00e4rin majakka-ja luotsisaarten puurakennusten korjaus\/kunnostus. Hirsien vaihto, ulkoverhous, maalausty\u00f6t, ikkunoiden kunnostus. 2013 Tilaajan edustaja: Jere Rauhala +358 400 825 983 [\/vc_column_text][vc_column_text css=&#8221;.vc_custom_1523822414378{padding-top: 15px !important;padding-bottom: 15px !important;}&#8221;] Mets\u00e4hallitus LP Espoo.Laajalahden lintutornin laajennus ja korjaus. 2015 Tilaajan edustaja: [&hellip;]<\/p>\n","protected":false},"author":2,"featured_media":0,"parent":0,"menu_order":0,"comment_status":"closed","ping_status":"closed","template":"page-full-width.php","meta":{"footnotes":""},"class_list":["post-2267","page","type-page","status-publish","hentry"],"_links":{"self":[{"href":"https:\/\/remoti.ee\/fi\/wp-json\/wp\/v2\/pages\/2267","targetHints":{"allow":["GET"]}}],"collection":[{"href":"https:\/\/remoti.ee\/fi\/wp-json\/wp\/v2\/pages"}],"about":[{"href":"https:\/\/remoti.ee\/fi\/wp-json\/wp\/v2\/types\/page"}],"author":[{"embeddable":true,"href":"https:\/\/remoti.ee\/fi\/wp-json\/wp\/v2\/users\/2"}],"replies":[{"embeddable":true,"href":"https:\/\/remoti.ee\/fi\/wp-json\/wp\/v2\/comments?post=2267"}],"version-history":[{"count":3,"href":"https:\/\/remoti.ee\/fi\/wp-json\/wp\/v2\/pages\/2267\/revisions"}],"predecessor-version":[{"id":2742,"href":"https:\/\/remoti.ee\/fi\/wp-json\/wp\/v2\/pages\/2267\/revisions\/2742"}],"wp:attachment":[{"href":"https:\/\/remoti.ee\/fi\/wp-json\/wp\/v2\/media?parent=2267"}],"curies":[{"name":"wp","href":"https:\/\/api.w.org\/{rel}","templated":true}]}}