{"id":2256,"date":"2018-02-07T15:19:00","date_gmt":"2018-02-07T13:19:00","guid":{"rendered":"https:\/\/remoti.ee\/projekti-juhtimine\/"},"modified":"2018-05-03T15:10:39","modified_gmt":"2018-05-03T12:10:39","slug":"hankkeen-hallinnointi","status":"publish","type":"page","link":"https:\/\/remoti.ee\/fi\/hankkeen-hallinnointi\/","title":{"rendered":"HANKKEEN HALLINNOINTI"},"content":{"rendered":"<div class=\"wpb-content-wrapper\"><p>[vc_row bottom=&#8221;40px&#8221;][vc_column][vc_icon icon_fontawesome=&#8221;fa fa-briefcase&#8221; color=&#8221;custom&#8221; size=&#8221;xl&#8221; align=&#8221;center&#8221; css_animation=&#8221;fadeInDown&#8221; custom_color=&#8221;#1e8bc3&#8243;][vc_column_text css_animation=&#8221;fadeInDown&#8221;]<\/p>\n<h2 style=\"text-align: center;\">Remoti Holding on ollut rakennusmarkkinoilla jo vuodesta 2002. Pitk\u00e4n kokemuksen my\u00f6t\u00e4 osaamme hyviin suunnitella toimintaprosesseja ja niit\u00e4 koskevia toteutusm\u00e4\u00e4r\u00e4aikoja. Otamme huomioon rakennusm\u00e4\u00e4r\u00e4yksi\u00e4 ja asiakkaiden vaatimuksia.<\/h2>\n<p>[\/vc_column_text][vc_row_inner css=&#8221;.vc_custom_1518523692925{padding-top: 20px !important;}&#8221;][vc_column_inner width=&#8221;1\/2&#8243;][vc_btn title=&#8221;Tehdyt ty\u00f6t&#8221; shape=&#8221;square&#8221; color=&#8221;primary&#8221; size=&#8221;lg&#8221; align=&#8221;center&#8221; css_animation=&#8221;fadeInLeft&#8221; button_block=&#8221;true&#8221; link=&#8221;url:http%3A%2F%2Fremoti.ee%2Ffi%2Ftehdyt-tyot%2F|&#8221;][\/vc_column_inner][vc_column_inner width=&#8221;1\/2&#8243;][vc_btn title=&#8221;Ota yhteytt\u00e4&#8221; style=&#8221;outline&#8221; shape=&#8221;square&#8221; color=&#8221;primary&#8221; size=&#8221;lg&#8221; align=&#8221;center&#8221; css_animation=&#8221;fadeInRight&#8221; button_block=&#8221;true&#8221; link=&#8221;url:http%3A%2F%2Fremoti.ee%2Ffi%2Fkontakt%2F|&#8221;][\/vc_column_inner][\/vc_row_inner][\/vc_column][\/vc_row][vc_row top=&#8221;40px&#8221; bottom=&#8221;40px&#8221;][vc_column][vc_separator][\/vc_column][\/vc_row][vc_row top=&#8221;60px&#8221;][vc_column][vc_media_grid grid_id=&#8221;vc_gid:1525100903561-30097e37-6ba8-7&#8243; include=&#8221;2093,2080,2083,2071,2051,2050&#8243;][\/vc_column][\/vc_row]<\/p>\n<\/div>","protected":false},"excerpt":{"rendered":"<p>[vc_row bottom=&#8221;40px&#8221;][vc_column][vc_icon icon_fontawesome=&#8221;fa fa-briefcase&#8221; color=&#8221;custom&#8221; size=&#8221;xl&#8221; align=&#8221;center&#8221; css_animation=&#8221;fadeInDown&#8221; custom_color=&#8221;#1e8bc3&#8243;][vc_column_text css_animation=&#8221;fadeInDown&#8221;] Remoti Holding on ollut rakennusmarkkinoilla jo vuodesta 2002. Pitk\u00e4n kokemuksen my\u00f6t\u00e4 osaamme hyviin suunnitella toimintaprosesseja ja niit\u00e4 koskevia toteutusm\u00e4\u00e4r\u00e4aikoja. Otamme huomioon rakennusm\u00e4\u00e4r\u00e4yksi\u00e4 ja asiakkaiden vaatimuksia. [\/vc_column_text][vc_row_inner css=&#8221;.vc_custom_1518523692925{padding-top: 20px !important;}&#8221;][vc_column_inner width=&#8221;1\/2&#8243;][vc_btn title=&#8221;Tehdyt ty\u00f6t&#8221; shape=&#8221;square&#8221; color=&#8221;primary&#8221; size=&#8221;lg&#8221; align=&#8221;center&#8221; css_animation=&#8221;fadeInLeft&#8221; button_block=&#8221;true&#8221; link=&#8221;url:http%3A%2F%2Fremoti.ee%2Ffi%2Ftehdyt-tyot%2F|&#8221;][\/vc_column_inner][vc_column_inner width=&#8221;1\/2&#8243;][vc_btn title=&#8221;Ota yhteytt\u00e4&#8221; style=&#8221;outline&#8221; shape=&#8221;square&#8221; color=&#8221;primary&#8221; [&hellip;]<\/p>\n","protected":false},"author":2,"featured_media":0,"parent":0,"menu_order":0,"comment_status":"closed","ping_status":"closed","template":"page-full-width.php","meta":{"footnotes":""},"class_list":["post-2256","page","type-page","status-publish","hentry"],"_links":{"self":[{"href":"https:\/\/remoti.ee\/fi\/wp-json\/wp\/v2\/pages\/2256","targetHints":{"allow":["GET"]}}],"collection":[{"href":"https:\/\/remoti.ee\/fi\/wp-json\/wp\/v2\/pages"}],"about":[{"href":"https:\/\/remoti.ee\/fi\/wp-json\/wp\/v2\/types\/page"}],"author":[{"embeddable":true,"href":"https:\/\/remoti.ee\/fi\/wp-json\/wp\/v2\/users\/2"}],"replies":[{"embeddable":true,"href":"https:\/\/remoti.ee\/fi\/wp-json\/wp\/v2\/comments?post=2256"}],"version-history":[{"count":4,"href":"https:\/\/remoti.ee\/fi\/wp-json\/wp\/v2\/pages\/2256\/revisions"}],"predecessor-version":[{"id":2292,"href":"https:\/\/remoti.ee\/fi\/wp-json\/wp\/v2\/pages\/2256\/revisions\/2292"}],"wp:attachment":[{"href":"https:\/\/remoti.ee\/fi\/wp-json\/wp\/v2\/media?parent=2256"}],"curies":[{"name":"wp","href":"https:\/\/api.w.org\/{rel}","templated":true}]}}