{"id":2248,"date":"2018-02-06T14:19:53","date_gmt":"2018-02-06T12:19:53","guid":{"rendered":"https:\/\/remoti.ee\/home\/"},"modified":"2018-05-02T15:39:43","modified_gmt":"2018-05-02T12:39:43","slug":"avaleht","status":"publish","type":"page","link":"https:\/\/remoti.ee\/fi\/","title":{"rendered":"P\u00e4\u00e4sivu"},"content":{"rendered":"<div class=\"wpb-content-wrapper\"><p>[vc_row full_content_width=&#8221;row-inner-full&#8221; top=&#8221;0px&#8221; bottom=&#8221;0px&#8221;][vc_column]\n\t\t\t<!-- START FinSlider REVOLUTION SLIDER 6.7.15 --><p class=\"rs-p-wp-fix\"><\/p>\n\t\t\t<rs-module-wrap id=\"rev_slider_3_1_wrapper\" data-source=\"gallery\" style=\"visibility:hidden;background:transparent;padding:0;margin:0px auto;margin-top:0;margin-bottom:0;\">\n\t\t\t\t<rs-module id=\"rev_slider_3_1\" style=\"\" data-version=\"6.7.15\">\n\t\t\t\t\t<rs-slides style=\"overflow: hidden; position: absolute;\">\n\t\t\t\t\t\t<rs-slide style=\"position: absolute;\" data-key=\"rs-5\" data-title=\"Slide\" data-anim=\"adpr:false;\">\n\t\t\t\t\t\t\t<img decoding=\"async\" src=\"\/\/remoti.ee\/wp-content\/plugins\/revslider\/sr6\/assets\/assets\/dummy.png\" alt=\"Slide\" title=\"P\u00e4\u00e4sivu\" class=\"rev-slidebg tp-rs-img rs-lazyload\" data-lazyload=\"\/\/remoti.ee\/wp-content\/plugins\/revslider\/sr6\/assets\/assets\/transparent.png\" data-no-retina>\n<!--\n\t\t\t\t\t\t\t--><rs-layer\n\t\t\t\t\t\t\t\tid=\"slider-3-slide-5-layer-12\" \n\t\t\t\t\t\t\t\tdata-type=\"image\"\n\t\t\t\t\t\t\t\tdata-rsp_ch=\"on\"\n\t\t\t\t\t\t\t\tdata-xy=\"x:c;y:c;\"\n\t\t\t\t\t\t\t\tdata-text=\"l:22;a:inherit;\"\n\t\t\t\t\t\t\t\tdata-dim=\"w:100%;\"\n\t\t\t\t\t\t\t\tdata-basealign=\"slide\"\n\t\t\t\t\t\t\t\tdata-frame_0=\"tp:600;\"\n\t\t\t\t\t\t\t\tdata-frame_1=\"tp:600;sR:10;\"\n\t\t\t\t\t\t\t\tdata-frame_999=\"o:0;tp:600;st:w;sR:8690;\"\n\t\t\t\t\t\t\t\tstyle=\"z-index:5;\"\n\t\t\t\t\t\t\t><img decoding=\"async\" src=\"\/\/remoti.ee\/wp-content\/plugins\/revslider\/sr6\/assets\/assets\/dummy.png\" alt=\"\" class=\"tp-rs-img rs-lazyload\" width=\"1440\" height=\"809\" data-lazyload=\"\/\/remoti.ee\/wp-content\/uploads\/2018\/02\/DSC_1188-compressor.jpg\" data-no-retina> \n\t\t\t\t\t\t\t<\/rs-layer><!--\n\n\t\t\t\t\t\t\t--><rs-layer\n\t\t\t\t\t\t\t\tid=\"slider-3-slide-5-layer-2\" \n\t\t\t\t\t\t\t\tdata-type=\"text\"\n\t\t\t\t\t\t\t\tdata-color=\"#ffffff\"\n\t\t\t\t\t\t\t\tdata-rsp_ch=\"on\"\n\t\t\t\t\t\t\t\tdata-xy=\"x:r;xo:24px;y:299px;\"\n\t\t\t\t\t\t\t\tdata-text=\"s:60;l:62;fw:800;a:right;\"\n\t\t\t\t\t\t\t\tdata-dim=\"w:643px;\"\n\t\t\t\t\t\t\t\tdata-frame_0=\"tp:600;\"\n\t\t\t\t\t\t\t\tdata-frame_1=\"tp:600;sR:10;\"\n\t\t\t\t\t\t\t\tdata-frame_999=\"o:0;tp:600;st:w;sR:8690;\"\n\t\t\t\t\t\t\t\tstyle=\"z-index:6;font-family:'Verdana', 'Geneva', 'sans-serif';\"\n\t\t\t\t\t\t\t>HANKKEEN<br> HALLINNOINTI \n\t\t\t\t\t\t\t<\/rs-layer><!--\n\n\t\t\t\t\t\t\t--><p\n\t\t\t\t\t\t\t\tid=\"slider-3-slide-5-layer-6\" \n\t\t\t\t\t\t\t\tclass=\"rs-layer\"\n\t\t\t\t\t\t\t\tdata-type=\"text\"\n\t\t\t\t\t\t\t\tdata-color=\"#ffffff\"\n\t\t\t\t\t\t\t\tdata-rsp_ch=\"on\"\n\t\t\t\t\t\t\t\tdata-xy=\"x:370px;y:448px;\"\n\t\t\t\t\t\t\t\tdata-text=\"l:22;a:right;\"\n\t\t\t\t\t\t\t\tdata-frame_0=\"tp:600;\"\n\t\t\t\t\t\t\t\tdata-frame_1=\"tp:600;sR:10;\"\n\t\t\t\t\t\t\t\tdata-frame_999=\"o:0;tp:600;st:w;sR:8690;\"\n\t\t\t\t\t\t\t\tstyle=\"z-index:7;font-family:'Open Sans';\"\n\t\t\t\t\t\t\t>Remoti Holding on ollut rakennusmarkkinoilla jo vuodesta 2002. Pitk\u00e4n <br>kokemuksen my\u00f6t\u00e4 osaamme hyvin suunnitella toimintaprosesseja ja niit\u00e4 koskevia <br>toteutusm\u00e4\u00e4r\u00e4aikoja. Otamme huomioon rakennusm\u00e4\u00e4r\u00e4yksi\u00e4 ja asiakkaiden vaatimuksia.  \n\t\t\t\t\t\t\t<\/p><!--\n\n\t\t\t\t\t\t\t--><rs-layer\n\t\t\t\t\t\t\t\tid=\"slider-3-slide-5-layer-10\" \n\t\t\t\t\t\t\t\tclass=\"rev-btn\"\n\t\t\t\t\t\t\t\tdata-type=\"button\"\n\t\t\t\t\t\t\t\tdata-color=\"#ffffff\"\n\t\t\t\t\t\t\t\tdata-xy=\"x:907px;y:581px;\"\n\t\t\t\t\t\t\t\tdata-text=\"s:17;l:17;fw:500;a:center;\"\n\t\t\t\t\t\t\t\tdata-dim=\"w:314px;h:45px;\"\n\t\t\t\t\t\t\t\tdata-rsp_bd=\"off\"\n\t\t\t\t\t\t\t\tdata-padding=\"t:12;r:35;b:12;l:35;\"\n\t\t\t\t\t\t\t\tdata-frame_0=\"tp:600;\"\n\t\t\t\t\t\t\t\tdata-frame_1=\"tp:600;sR:10;\"\n\t\t\t\t\t\t\t\tdata-frame_999=\"o:0;tp:600;st:w;sR:8690;\"\n\t\t\t\t\t\t\t\tdata-frame_hover=\"c:#007aff;bgc:#fff;boc:#007aff;bor:0px,0px,0px,0px;bos:solid;bow:2,2,2,2;oX:50;oY:50;sp:0;e:none;\"\n\t\t\t\t\t\t\t\tstyle=\"z-index:8;background-color:#007aff;font-family:'Roboto';cursor:pointer;outline:none;box-shadow:none;box-sizing:border-box;-moz-box-sizing:border-box;-webkit-box-sizing:border-box;\"\n\t\t\t\t\t\t\t>Katso lis\u00e4\u00e4 \n\t\t\t\t\t\t\t<\/rs-layer><!--\n\n\t\t\t\t\t\t\t--><rs-layer\n\t\t\t\t\t\t\t\tid=\"slider-3-slide-5-layer-11\" \n\t\t\t\t\t\t\t\tclass=\"rev-btn\"\n\t\t\t\t\t\t\t\tdata-type=\"button\"\n\t\t\t\t\t\t\t\tdata-color=\"#007aff\"\n\t\t\t\t\t\t\t\tdata-xy=\"x:554px;y:581px;\"\n\t\t\t\t\t\t\t\tdata-text=\"s:17;l:17;fw:500;a:center;\"\n\t\t\t\t\t\t\t\tdata-dim=\"w:319px;h:45px;\"\n\t\t\t\t\t\t\t\tdata-rsp_bd=\"off\"\n\t\t\t\t\t\t\t\tdata-padding=\"t:12;r:35;b:12;l:35;\"\n\t\t\t\t\t\t\t\tdata-frame_0=\"tp:600;\"\n\t\t\t\t\t\t\t\tdata-frame_1=\"tp:600;sR:10;\"\n\t\t\t\t\t\t\t\tdata-frame_999=\"o:0;tp:600;st:w;sR:8690;\"\n\t\t\t\t\t\t\t\tdata-frame_hover=\"c:#fff;bgc:#007aff;boc:#007aff;bor:0px,0px,0px,0px;bos:solid;oX:50;oY:50;sp:0;e:none;\"\n\t\t\t\t\t\t\t\tstyle=\"z-index:9;background-color:#ffffff;font-family:'Roboto';cursor:pointer;outline:none;box-shadow:none;box-sizing:border-box;-moz-box-sizing:border-box;-webkit-box-sizing:border-box;\"\n\t\t\t\t\t\t\t>Ota yhteytt\u00e4 \n\t\t\t\t\t\t\t<\/rs-layer><!--\n-->\t\t\t\t\t<\/rs-slide>\n\t\t\t\t\t\t<rs-slide style=\"position: absolute;\" data-key=\"rs-6\" data-title=\"Slide\" data-anim=\"adpr:false;\">\n\t\t\t\t\t\t\t<img decoding=\"async\" src=\"\/\/remoti.ee\/wp-content\/plugins\/revslider\/sr6\/assets\/assets\/dummy.png\" alt=\"Slide\" title=\"P\u00e4\u00e4sivu\" class=\"rev-slidebg tp-rs-img rs-lazyload\" data-lazyload=\"\/\/remoti.ee\/wp-content\/plugins\/revslider\/sr6\/assets\/assets\/transparent.png\" data-no-retina>\n<!--\n\t\t\t\t\t\t\t--><rs-layer\n\t\t\t\t\t\t\t\tid=\"slider-3-slide-6-layer-22\" \n\t\t\t\t\t\t\t\tdata-type=\"image\"\n\t\t\t\t\t\t\t\tdata-rsp_ch=\"on\"\n\t\t\t\t\t\t\t\tdata-xy=\"x:c;y:c;\"\n\t\t\t\t\t\t\t\tdata-text=\"l:22;a:inherit;\"\n\t\t\t\t\t\t\t\tdata-dim=\"w:100%;\"\n\t\t\t\t\t\t\t\tdata-basealign=\"slide\"\n\t\t\t\t\t\t\t\tdata-frame_0=\"tp:600;\"\n\t\t\t\t\t\t\t\tdata-frame_1=\"tp:600;sR:10;bri:70%;\"\n\t\t\t\t\t\t\t\tdata-frame_999=\"o:0;tp:600;st:w;sR:8690;\"\n\t\t\t\t\t\t\t\tstyle=\"z-index:5;\"\n\t\t\t\t\t\t\t><img decoding=\"async\" src=\"\/\/remoti.ee\/wp-content\/plugins\/revslider\/sr6\/assets\/assets\/dummy.png\" alt=\"\" class=\"tp-rs-img rs-lazyload\" width=\"1440\" height=\"810\" data-lazyload=\"\/\/remoti.ee\/wp-content\/uploads\/2018\/02\/20160917_132958-min.jpg\" data-no-retina> \n\t\t\t\t\t\t\t<\/rs-layer><!--\n\n\t\t\t\t\t\t\t--><rs-layer\n\t\t\t\t\t\t\t\tid=\"slider-3-slide-6-layer-2\" \n\t\t\t\t\t\t\t\tdata-type=\"text\"\n\t\t\t\t\t\t\t\tdata-color=\"#ffffff\"\n\t\t\t\t\t\t\t\tdata-rsp_ch=\"on\"\n\t\t\t\t\t\t\t\tdata-xy=\"x:c;y:310px;\"\n\t\t\t\t\t\t\t\tdata-text=\"s:60;l:62;fw:800;a:center;\"\n\t\t\t\t\t\t\t\tdata-dim=\"w:823px;\"\n\t\t\t\t\t\t\t\tdata-frame_0=\"tp:600;\"\n\t\t\t\t\t\t\t\tdata-frame_1=\"tp:600;sR:10;\"\n\t\t\t\t\t\t\t\tdata-frame_999=\"o:0;tp:600;st:w;sR:8690;\"\n\t\t\t\t\t\t\t\tstyle=\"z-index:6;font-family:'Verdana', 'Geneva', 'sans-serif';\"\n\t\t\t\t\t\t\t>TOTEUTETTAVAT<br> TY\u00d6T \n\t\t\t\t\t\t\t<\/rs-layer><!--\n\n\t\t\t\t\t\t\t--><p\n\t\t\t\t\t\t\t\tid=\"slider-3-slide-6-layer-6\" \n\t\t\t\t\t\t\t\tclass=\"rs-layer\"\n\t\t\t\t\t\t\t\tdata-type=\"text\"\n\t\t\t\t\t\t\t\tdata-color=\"#ffffff\"\n\t\t\t\t\t\t\t\tdata-rsp_ch=\"on\"\n\t\t\t\t\t\t\t\tdata-xy=\"x:c;y:468px;\"\n\t\t\t\t\t\t\t\tdata-text=\"l:22;a:center;\"\n\t\t\t\t\t\t\t\tdata-frame_0=\"tp:600;\"\n\t\t\t\t\t\t\t\tdata-frame_1=\"tp:600;sR:10;\"\n\t\t\t\t\t\t\t\tdata-frame_999=\"o:0;tp:600;st:w;sR:8690;\"\n\t\t\t\t\t\t\t\tstyle=\"z-index:7;font-family:'Open Sans';\"\n\t\t\t\t\t\t\t>Vanhojen historiallisien rakennusten kunnostaminen ja restaurointi, <br>asuntoalueiden tai uusien talojen rakentaminen. Meid\u00e4n asiantuntemukseen kuuluu<br> koulujen ja lastentarhojen kunnostus. Riippusiltojen, lintutornien <br>ja n\u00e4k\u00f6alapaikkojen rakentaminen, kulkuteiden, hallirakennuksien jne. eri metallirakenteet.\n \n\t\t\t\t\t\t\t<\/p><!--\n\n\t\t\t\t\t\t\t--><rs-layer\n\t\t\t\t\t\t\t\tid=\"slider-3-slide-6-layer-10\" \n\t\t\t\t\t\t\t\tclass=\"rev-btn\"\n\t\t\t\t\t\t\t\tdata-type=\"button\"\n\t\t\t\t\t\t\t\tdata-color=\"#ffffff\"\n\t\t\t\t\t\t\t\tdata-xy=\"x:c;xo:174px;y:585px;\"\n\t\t\t\t\t\t\t\tdata-text=\"s:17;l:17;fw:500;a:center;\"\n\t\t\t\t\t\t\t\tdata-dim=\"w:314px;h:45px;\"\n\t\t\t\t\t\t\t\tdata-rsp_bd=\"off\"\n\t\t\t\t\t\t\t\tdata-padding=\"t:12;r:35;b:12;l:35;\"\n\t\t\t\t\t\t\t\tdata-frame_0=\"tp:600;\"\n\t\t\t\t\t\t\t\tdata-frame_1=\"tp:600;sR:10;\"\n\t\t\t\t\t\t\t\tdata-frame_999=\"o:0;tp:600;st:w;sR:8690;\"\n\t\t\t\t\t\t\t\tdata-frame_hover=\"c:#007aff;bgc:#fff;boc:#007aff;bor:0px,0px,0px,0px;bos:solid;bow:2,2,2,2;oX:50;oY:50;sp:0;e:none;\"\n\t\t\t\t\t\t\t\tstyle=\"z-index:8;background-color:#007aff;font-family:'Roboto';cursor:pointer;outline:none;box-shadow:none;box-sizing:border-box;-moz-box-sizing:border-box;-webkit-box-sizing:border-box;\"\n\t\t\t\t\t\t\t>Katso lis\u00e4\u00e4 \n\t\t\t\t\t\t\t<\/rs-layer><!--\n\n\t\t\t\t\t\t\t--><rs-layer\n\t\t\t\t\t\t\t\tid=\"slider-3-slide-6-layer-11\" \n\t\t\t\t\t\t\t\tclass=\"rev-btn\"\n\t\t\t\t\t\t\t\tdata-type=\"button\"\n\t\t\t\t\t\t\t\tdata-color=\"#007aff\"\n\t\t\t\t\t\t\t\tdata-xy=\"x:c;xo:-175px;y:586px;\"\n\t\t\t\t\t\t\t\tdata-text=\"s:17;l:17;fw:500;a:center;\"\n\t\t\t\t\t\t\t\tdata-dim=\"w:319px;h:45px;\"\n\t\t\t\t\t\t\t\tdata-rsp_bd=\"off\"\n\t\t\t\t\t\t\t\tdata-padding=\"t:12;r:35;b:12;l:35;\"\n\t\t\t\t\t\t\t\tdata-frame_0=\"tp:600;\"\n\t\t\t\t\t\t\t\tdata-frame_1=\"tp:600;sR:10;\"\n\t\t\t\t\t\t\t\tdata-frame_999=\"o:0;tp:600;st:w;sR:8690;\"\n\t\t\t\t\t\t\t\tdata-frame_hover=\"c:#fff;bgc:#007aff;boc:#007aff;bor:0px,0px,0px,0px;bos:solid;oX:50;oY:50;sp:0;e:none;\"\n\t\t\t\t\t\t\t\tstyle=\"z-index:9;background-color:#ffffff;font-family:'Roboto';cursor:pointer;outline:none;box-shadow:none;box-sizing:border-box;-moz-box-sizing:border-box;-webkit-box-sizing:border-box;\"\n\t\t\t\t\t\t\t>Ota yhteytt\u00e4 \n\t\t\t\t\t\t\t<\/rs-layer><!--\n-->\t\t\t\t\t<\/rs-slide>\n\t\t\t\t\t\t<rs-slide style=\"position: absolute;\" data-key=\"rs-7\" data-title=\"Slide\" data-anim=\"adpr:false;\">\n\t\t\t\t\t\t\t<img decoding=\"async\" src=\"\/\/remoti.ee\/wp-content\/plugins\/revslider\/sr6\/assets\/assets\/dummy.png\" alt=\"Slide\" title=\"P\u00e4\u00e4sivu\" class=\"rev-slidebg tp-rs-img rs-lazyload\" data-lazyload=\"\/\/remoti.ee\/wp-content\/plugins\/revslider\/sr6\/assets\/assets\/transparent.png\" data-no-retina>\n<!--\n\t\t\t\t\t\t\t--><rs-layer\n\t\t\t\t\t\t\t\tid=\"slider-3-slide-7-layer-25\" \n\t\t\t\t\t\t\t\tdata-type=\"image\"\n\t\t\t\t\t\t\t\tdata-rsp_ch=\"on\"\n\t\t\t\t\t\t\t\tdata-xy=\"x:c;y:c;\"\n\t\t\t\t\t\t\t\tdata-text=\"l:22;a:inherit;\"\n\t\t\t\t\t\t\t\tdata-dim=\"w:100%;\"\n\t\t\t\t\t\t\t\tdata-basealign=\"slide\"\n\t\t\t\t\t\t\t\tdata-frame_0=\"tp:600;\"\n\t\t\t\t\t\t\t\tdata-frame_1=\"tp:600;sR:10;bri:80%;\"\n\t\t\t\t\t\t\t\tdata-frame_999=\"o:0;tp:600;st:w;sR:8690;\"\n\t\t\t\t\t\t\t\tstyle=\"z-index:5;\"\n\t\t\t\t\t\t\t><img decoding=\"async\" src=\"\/\/remoti.ee\/wp-content\/plugins\/revslider\/sr6\/assets\/assets\/dummy.png\" alt=\"\" class=\"tp-rs-img rs-lazyload\" width=\"1440\" height=\"960\" data-lazyload=\"\/\/remoti.ee\/wp-content\/uploads\/2018\/02\/IMG_5056-min.jpg\" data-no-retina> \n\t\t\t\t\t\t\t<\/rs-layer><!--\n\n\t\t\t\t\t\t\t--><rs-layer\n\t\t\t\t\t\t\t\tid=\"slider-3-slide-7-layer-2\" \n\t\t\t\t\t\t\t\tdata-type=\"text\"\n\t\t\t\t\t\t\t\tdata-color=\"#ffffff\"\n\t\t\t\t\t\t\t\tdata-rsp_ch=\"on\"\n\t\t\t\t\t\t\t\tdata-xy=\"x:c;xo:-195px;y:380px;\"\n\t\t\t\t\t\t\t\tdata-text=\"s:60;l:62;fw:800;\"\n\t\t\t\t\t\t\t\tdata-dim=\"w:823px;\"\n\t\t\t\t\t\t\t\tdata-frame_0=\"tp:600;\"\n\t\t\t\t\t\t\t\tdata-frame_1=\"tp:600;sR:10;\"\n\t\t\t\t\t\t\t\tdata-frame_999=\"o:0;tp:600;st:w;sR:8690;\"\n\t\t\t\t\t\t\t\tstyle=\"z-index:6;font-family:'Verdana', 'Geneva', 'sans-serif';\"\n\t\t\t\t\t\t\t>ERITYISTY\u00d6T \n\t\t\t\t\t\t\t<\/rs-layer><!--\n\n\t\t\t\t\t\t\t--><p\n\t\t\t\t\t\t\t\tid=\"slider-3-slide-7-layer-6\" \n\t\t\t\t\t\t\t\tclass=\"rs-layer\"\n\t\t\t\t\t\t\t\tdata-type=\"text\"\n\t\t\t\t\t\t\t\tdata-color=\"#ffffff\"\n\t\t\t\t\t\t\t\tdata-rsp_ch=\"on\"\n\t\t\t\t\t\t\t\tdata-xy=\"x:c;xo:-307px;y:465px;\"\n\t\t\t\t\t\t\t\tdata-text=\"l:22;\"\n\t\t\t\t\t\t\t\tdata-frame_0=\"tp:600;\"\n\t\t\t\t\t\t\t\tdata-frame_1=\"tp:600;sR:10;\"\n\t\t\t\t\t\t\t\tdata-frame_999=\"o:0;tp:600;st:w;sR:8690;\"\n\t\t\t\t\t\t\t\tstyle=\"z-index:7;font-family:'Open Sans';\"\n\t\t\t\t\t\t\t>Meid\u00e4n erityist\u00f6ihin kuuluvat vanhojen hirsitalojen restaurointi; <br>tukkien vaihto, ovien ja ikkunoiden entis\u00f6inti. \n \n\t\t\t\t\t\t\t<\/p><!--\n\n\t\t\t\t\t\t\t--><rs-layer\n\t\t\t\t\t\t\t\tid=\"slider-3-slide-7-layer-10\" \n\t\t\t\t\t\t\t\tclass=\"rev-btn\"\n\t\t\t\t\t\t\t\tdata-type=\"button\"\n\t\t\t\t\t\t\t\tdata-color=\"#ffffff\"\n\t\t\t\t\t\t\t\tdata-xy=\"x:c;xo:-94px;y:596px;\"\n\t\t\t\t\t\t\t\tdata-text=\"s:17;l:17;fw:500;a:center;\"\n\t\t\t\t\t\t\t\tdata-dim=\"w:314px;h:45px;\"\n\t\t\t\t\t\t\t\tdata-rsp_bd=\"off\"\n\t\t\t\t\t\t\t\tdata-padding=\"t:12;r:35;b:12;l:35;\"\n\t\t\t\t\t\t\t\tdata-frame_0=\"tp:600;\"\n\t\t\t\t\t\t\t\tdata-frame_1=\"tp:600;sR:10;\"\n\t\t\t\t\t\t\t\tdata-frame_999=\"o:0;tp:600;st:w;sR:8690;\"\n\t\t\t\t\t\t\t\tdata-frame_hover=\"c:#007aff;bgc:#fff;boc:#007aff;bor:0px,0px,0px,0px;bos:solid;bow:2,2,2,2;oX:50;oY:50;sp:0;e:none;\"\n\t\t\t\t\t\t\t\tstyle=\"z-index:8;background-color:#007aff;font-family:'Roboto';cursor:pointer;outline:none;box-shadow:none;box-sizing:border-box;-moz-box-sizing:border-box;-webkit-box-sizing:border-box;\"\n\t\t\t\t\t\t\t>Katso lis\u00e4\u00e4 \n\t\t\t\t\t\t\t<\/rs-layer><!--\n\n\t\t\t\t\t\t\t--><rs-layer\n\t\t\t\t\t\t\t\tid=\"slider-3-slide-7-layer-11\" \n\t\t\t\t\t\t\t\tclass=\"rev-btn\"\n\t\t\t\t\t\t\t\tdata-type=\"button\"\n\t\t\t\t\t\t\t\tdata-color=\"#007aff\"\n\t\t\t\t\t\t\t\tdata-xy=\"x:c;xo:-445px;y:596px;\"\n\t\t\t\t\t\t\t\tdata-text=\"s:17;l:17;fw:500;a:center;\"\n\t\t\t\t\t\t\t\tdata-dim=\"w:319px;h:45px;\"\n\t\t\t\t\t\t\t\tdata-rsp_bd=\"off\"\n\t\t\t\t\t\t\t\tdata-padding=\"t:12;r:35;b:12;l:35;\"\n\t\t\t\t\t\t\t\tdata-frame_0=\"tp:600;\"\n\t\t\t\t\t\t\t\tdata-frame_1=\"tp:600;sR:10;\"\n\t\t\t\t\t\t\t\tdata-frame_999=\"o:0;tp:600;st:w;sR:8690;\"\n\t\t\t\t\t\t\t\tdata-frame_hover=\"c:#fff;bgc:#007aff;boc:#007aff;bor:0px,0px,0px,0px;bos:solid;oX:50;oY:50;sp:0;e:none;\"\n\t\t\t\t\t\t\t\tstyle=\"z-index:9;background-color:#ffffff;font-family:'Roboto';cursor:pointer;outline:none;box-shadow:none;box-sizing:border-box;-moz-box-sizing:border-box;-webkit-box-sizing:border-box;\"\n\t\t\t\t\t\t\t>Ota yhteytt\u00e4 \n\t\t\t\t\t\t\t<\/rs-layer><!--\n-->\t\t\t\t\t<\/rs-slide>\n\t\t\t\t\t<\/rs-slides>\n\t\t\t\t<\/rs-module>\n\t\t\t\t<script>\n\t\t\t\t\tsetREVStartSize({c: 'rev_slider_3_1',rl:[1240,1024,778,480],el:[],gw:[1240],gh:[868],type:'standard',justify:'',layout:'fullwidth',mh:\"0\"});if (window.RS_MODULES!==undefined && window.RS_MODULES.modules!==undefined && window.RS_MODULES.modules[\"revslider31\"]!==undefined) {window.RS_MODULES.modules[\"revslider31\"].once = false;window.revapi3 = undefined;if (window.RS_MODULES.checkMinimal!==undefined) window.RS_MODULES.checkMinimal()}\n\t\t\t\t<\/script>\n\t\t\t<\/rs-module-wrap>\n\t\t\t<!-- END REVOLUTION SLIDER -->\n[\/vc_column][\/vc_row][vc_row][vc_column css_animation=&#8221;none&#8221; width=&#8221;1\/4&#8243; css=&#8221;.vc_custom_1518441764685{padding-right: 30px !important;padding-left: 30px !important;}&#8221;][vc_single_image image=&#8221;2136&#8243; img_size=&#8221;full&#8221;][\/vc_column][vc_column css_animation=&#8221;none&#8221; width=&#8221;1\/4&#8243; css=&#8221;.vc_custom_1518441772426{padding-right: 30px !important;padding-left: 30px !important;}&#8221;][vc_single_image image=&#8221;2138&#8243;][\/vc_column][vc_column css_animation=&#8221;none&#8221; width=&#8221;1\/4&#8243; css=&#8221;.vc_custom_1518441777631{padding-right: 30px !important;padding-left: 30px !important;}&#8221;][vc_single_image image=&#8221;2143&#8243; img_size=&#8221;medium&#8221; css=&#8221;.vc_custom_1523633478211{margin-top: 52px !important;}&#8221;][\/vc_column][vc_column css_animation=&#8221;none&#8221; width=&#8221;1\/4&#8243; css=&#8221;.vc_custom_1518441768873{padding-right: 30px !important;padding-left: 30px !important;}&#8221;][vc_single_image image=&#8221;2137&#8243; css=&#8221;.vc_custom_1523633373310{margin-top: 30px !important;}&#8221;][\/vc_column][\/vc_row]<\/p>\n<\/div>","protected":false},"excerpt":{"rendered":"<p>[vc_row full_content_width=&#8221;row-inner-full&#8221; top=&#8221;0px&#8221; bottom=&#8221;0px&#8221;][vc_column][\/vc_column][\/vc_row][vc_row][vc_column css_animation=&#8221;none&#8221; width=&#8221;1\/4&#8243; css=&#8221;.vc_custom_1518441764685{padding-right: 30px !important;padding-left: 30px !important;}&#8221;][vc_single_image image=&#8221;2136&#8243; img_size=&#8221;full&#8221;][\/vc_column][vc_column css_animation=&#8221;none&#8221; width=&#8221;1\/4&#8243; css=&#8221;.vc_custom_1518441772426{padding-right: 30px !important;padding-left: 30px !important;}&#8221;][vc_single_image image=&#8221;2138&#8243;][\/vc_column][vc_column css_animation=&#8221;none&#8221; width=&#8221;1\/4&#8243; css=&#8221;.vc_custom_1518441777631{padding-right: 30px !important;padding-left: 30px !important;}&#8221;][vc_single_image image=&#8221;2143&#8243; img_size=&#8221;medium&#8221; css=&#8221;.vc_custom_1523633478211{margin-top: 52px !important;}&#8221;][\/vc_column][vc_column css_animation=&#8221;none&#8221; width=&#8221;1\/4&#8243; css=&#8221;.vc_custom_1518441768873{padding-right: 30px !important;padding-left: 30px !important;}&#8221;][vc_single_image image=&#8221;2137&#8243; css=&#8221;.vc_custom_1523633373310{margin-top: 30px !important;}&#8221;][\/vc_column][\/vc_row]<\/p>\n","protected":false},"author":2,"featured_media":0,"parent":0,"menu_order":0,"comment_status":"closed","ping_status":"closed","template":"page-full-width.php","meta":{"footnotes":""},"class_list":["post-2248","page","type-page","status-publish","hentry"],"_links":{"self":[{"href":"https:\/\/remoti.ee\/fi\/wp-json\/wp\/v2\/pages\/2248","targetHints":{"allow":["GET"]}}],"collection":[{"href":"https:\/\/remoti.ee\/fi\/wp-json\/wp\/v2\/pages"}],"about":[{"href":"https:\/\/remoti.ee\/fi\/wp-json\/wp\/v2\/types\/page"}],"author":[{"embeddable":true,"href":"https:\/\/remoti.ee\/fi\/wp-json\/wp\/v2\/users\/2"}],"replies":[{"embeddable":true,"href":"https:\/\/remoti.ee\/fi\/wp-json\/wp\/v2\/comments?post=2248"}],"version-history":[{"count":3,"href":"https:\/\/remoti.ee\/fi\/wp-json\/wp\/v2\/pages\/2248\/revisions"}],"predecessor-version":[{"id":2306,"href":"https:\/\/remoti.ee\/fi\/wp-json\/wp\/v2\/pages\/2248\/revisions\/2306"}],"wp:attachment":[{"href":"https:\/\/remoti.ee\/fi\/wp-json\/wp\/v2\/media?parent=2248"}],"curies":[{"name":"wp","href":"https:\/\/api.w.org\/{rel}","templated":true}]}}